{"id":79,"date":"2022-10-03T11:54:06","date_gmt":"2022-10-03T09:54:06","guid":{"rendered":"https:\/\/www.langlaufplus.ch\/?page_id=79"},"modified":"2022-11-01T16:01:58","modified_gmt":"2022-11-01T15:01:58","slug":"team-qi-gong-yoga","status":"publish","type":"page","link":"https:\/\/langlaufplus.ch\/index.php\/das-neue-museum-oeffnet-seine-tueren-2\/roger-portrait\/team-qi-gong-yoga\/","title":{"rendered":"Team Qi Gong &#038; Yoga"},"content":{"rendered":"        <div class=\"breadcrumb-container theme5\">\r\n                    <ol>\r\n                    <\/ol>\r\n            <script type=\"application\/ld+json\">\r\n        {\r\n            \"@context\": \"http:\/\/schema.org\",\r\n            \"@type\": \"BreadcrumbList\",\r\n            \"itemListElement\":\r\n            [\r\n                            ]\r\n        }\r\n    <\/script>\r\n        <style type=\"text\/css\">\r\n        .breadcrumb-container {\r\n            font-size: 13px;\r\n        }\r\n        .breadcrumb-container ul {\r\n            margin: 0;\r\n            padding: 0;\r\n        }\r\n        .breadcrumb-container li {\r\n            box-sizing: unset;\r\n            display: inline-block;\r\n            margin: 0;\r\n            padding: 0;\r\n        }\r\n        .breadcrumb-container li a {\r\n            box-sizing: unset;\r\n            padding: 0 10px;\r\n        }\r\n        .breadcrumb-container {\r\n            font-size:   !important;\r\n            padding: ;\r\n            margin: ;\r\n        }\r\n        .breadcrumb-container li a{\r\n            color:    !important;\r\n            font-size:    !important;\r\n            line-height:    !important;\r\n        }\r\n        .breadcrumb-container li .separator {\r\n            color:   !important;\r\n            font-size:    !important;\r\n        }\r\n                    .breadcrumb-container li:last-child .separator {\r\n                display: none;\r\n            }\r\n                <\/style>\r\n        <style type=\"text\/css\">\r\n        .breadcrumb-container.theme5 li {\r\n            display: inline-block;\r\n            margin: 0 14px;\r\n            padding: 0;\r\n        }\r\n\r\n        .breadcrumb-container.theme5 a {\r\n            background: ;\r\n            color: rgb(102, 102, 102);\r\n            display: inline-block;\r\n            font-size: 14px;\r\n            height: 16px;\r\n            margin: 0;\r\n            padding: 5px 10px;\r\n            text-decoration: none;\r\n            position:relative;\r\n        }\r\n\r\n        .breadcrumb-container.theme5 a::before {\r\n            -moz-border-bottom-colors: none;\r\n            -moz-border-left-colors: none;\r\n            -moz-border-right-colors: none;\r\n            -moz-border-top-colors: none;\r\n            border-color:    rgba(0, 0, 0, 0);\r\n            border-image: none;\r\n            border-style: solid;\r\n            border-width: 13px;\r\n            content: \" \";\r\n            display: block;\r\n            height: 0;\r\n            left: -18px;\r\n            position: absolute;\r\n            top: 0;\r\n            width: 0;\r\n        }\r\n        .breadcrumb-container.theme5 a::after {\r\n            -moz-border-bottom-colors: none;\r\n            -moz-border-left-colors: none;\r\n            -moz-border-right-colors: none;\r\n            -moz-border-top-colors: none;\r\n            border-color: rgba(0, 0, 0, 0) rgba(0, 0, 0, 0) rgba(0, 0, 0, 0) ;\r\n            border-image: none;\r\n            border-style: solid;\r\n            border-width: 13px;\r\n            content: \" \";\r\n            display: inline-block;\r\n            height: 0;\r\n            line-height: 0;\r\n            position: absolute;\r\n            right: -26px;\r\n            top: 0;\r\n            width: 0;\r\n        }\r\n\r\n        .breadcrumb-container.theme5 .separator {\r\n            display: none;\r\n        }\r\n\r\n    <\/style>\r\n        <style type=\"text\/css\">\r\n        .breadcrumb-container{}\r\n.breadcrumb-container ul{}\r\n.breadcrumb-container li{}\r\n.breadcrumb-container a{}\r\n.breadcrumb-container .separator{}\r\n    <\/style>\r\n    <script>\r\n            <\/script>\r\n            <\/div>\r\n        \n\n\n\n<h2 class=\"wp-block-heading\">Yvonne Wuttke<\/h2>\n\n\n\n<p><img loading=\"lazy\" decoding=\"async\" class=\"alignright wp-image-151\" src=\"https:\/\/langlaufplus.michaelwuttke.ch\/wp-content\/uploads\/2022\/10\/Yvonne-300x268.png\" alt=\"\" width=\"210\" height=\"187\" srcset=\"https:\/\/langlaufplus.ch\/wp-content\/uploads\/2022\/10\/Yvonne-300x268.png 300w, https:\/\/langlaufplus.ch\/wp-content\/uploads\/2022\/10\/Yvonne.png 410w\" sizes=\"auto, (max-width: 210px) 100vw, 210px\" \/>dipl. Qigong Lehrerin, S\u00e4ngerin\/Musikp\u00e4dagogin<br \/>und aktive L\u00e4uferin<\/p>\n<p>Qi Gong verbindet K\u00f6rper und Geist.<br \/>Sanfte Bewegungen st\u00e4rken die Muskeln, schenken Leichtigkeit und gleichzeitig eine innere und \u00e4ussere Kraft.<br \/>Mir gef\u00e4llt das entspannte, langsame, fliessende und<br \/>achtsame Bewegen in der Natur. So achte ich auch bei<br \/>jedem Langlaufschritt gerne auf die Kraftlinien im K\u00f6rper.<\/p>\n<p><a href=\"\/index.php\/kontakt-yvonne-wuttke\">Yvonne kontaktieren<\/a><\/p>\n\n\n\n<div style=\"height:40px\" aria-hidden=\"true\" class=\"wp-block-spacer\"><\/div>\n\n\n\n<h2 class=\"wp-block-heading\">Ladina Britt<\/h2>\n\n\n\n<p><img loading=\"lazy\" decoding=\"async\" class=\"alignright wp-image-456\" src=\"https:\/\/langlaufplus.michaelwuttke.ch\/wp-content\/uploads\/2022\/10\/Ladina2-250x300.jpg\" alt=\"Ladina Britt\" width=\"209\" height=\"250\" srcset=\"https:\/\/langlaufplus.ch\/wp-content\/uploads\/2022\/10\/Ladina2-250x300.jpg 250w, https:\/\/langlaufplus.ch\/wp-content\/uploads\/2022\/10\/Ladina2.jpg 298w\" sizes=\"auto, (max-width: 209px) 100vw, 209px\" \/>Yogalehrerin, Yoga Schweiz EYU<\/p>\n<p>Im Yoga mag ich die Kombination von fliessenden und<br \/>statischen \u00dcbungen, tiefen Dehnungen, Atem\u00fcbungen und<br \/>Entspannung. Yoga schenkt neue Energie und innere Ruhe!<br \/>Wann immer ich selber auf die Loipe gehe, geh\u00f6ren einige<br \/>Yoga\u00fcbungen davor und danach einfach dazu!<\/p>\n<p><a href=\"\/index.php\/kontakt-ladina-britt\">Ladina kontaktieren<\/a><\/p>\n","protected":false},"excerpt":{"rendered":"<p>Yvonne Wuttke dipl. Qigong Lehrerin, S\u00e4ngerin\/Musikp\u00e4dagoginund aktive L\u00e4uferin Qi Gong verbindet K\u00f6rper und Geist.Sanfte Bewegungen st\u00e4rken die Muskeln, schenken Leichtigkeit und gleichzeitig eine innere und \u00e4ussere Kraft.Mir gef\u00e4llt das entspannte, langsame, fliessende undachtsame Bewegen in der Natur. So achte ich auch beijedem Langlaufschritt gerne auf die Kraftlinien im K\u00f6rper. Yvonne kontaktieren Ladina Britt Yogalehrerin, Yoga &hellip; <\/p>\n<p class=\"link-more\"><a href=\"https:\/\/langlaufplus.ch\/index.php\/das-neue-museum-oeffnet-seine-tueren-2\/roger-portrait\/team-qi-gong-yoga\/\" class=\"more-link\"><span class=\"screen-reader-text\">&#171;Team Qi Gong &#038; Yoga&#187;<\/span> weiterlesen<\/a><\/p>\n","protected":false},"author":1,"featured_media":0,"parent":13,"menu_order":0,"comment_status":"closed","ping_status":"closed","template":"","meta":{"footnotes":""},"class_list":["post-79","page","type-page","status-publish","hentry"],"_links":{"self":[{"href":"https:\/\/langlaufplus.ch\/index.php\/wp-json\/wp\/v2\/pages\/79","targetHints":{"allow":["GET"]}}],"collection":[{"href":"https:\/\/langlaufplus.ch\/index.php\/wp-json\/wp\/v2\/pages"}],"about":[{"href":"https:\/\/langlaufplus.ch\/index.php\/wp-json\/wp\/v2\/types\/page"}],"author":[{"embeddable":true,"href":"https:\/\/langlaufplus.ch\/index.php\/wp-json\/wp\/v2\/users\/1"}],"replies":[{"embeddable":true,"href":"https:\/\/langlaufplus.ch\/index.php\/wp-json\/wp\/v2\/comments?post=79"}],"version-history":[{"count":22,"href":"https:\/\/langlaufplus.ch\/index.php\/wp-json\/wp\/v2\/pages\/79\/revisions"}],"predecessor-version":[{"id":700,"href":"https:\/\/langlaufplus.ch\/index.php\/wp-json\/wp\/v2\/pages\/79\/revisions\/700"}],"up":[{"embeddable":true,"href":"https:\/\/langlaufplus.ch\/index.php\/wp-json\/wp\/v2\/pages\/13"}],"wp:attachment":[{"href":"https:\/\/langlaufplus.ch\/index.php\/wp-json\/wp\/v2\/media?parent=79"}],"curies":[{"name":"wp","href":"https:\/\/api.w.org\/{rel}","templated":true}]}}